{"id":134,"date":"2021-06-07T14:31:31","date_gmt":"2021-06-07T12:31:31","guid":{"rendered":"http:\/\/laurinelcht-portfolio.be\/?page_id=134"},"modified":"2021-06-09T00:08:13","modified_gmt":"2021-06-08T22:08:13","slug":"a-propos-2","status":"publish","type":"page","link":"https:\/\/laurinelcht-portfolio.be\/?page_id=134","title":{"rendered":"\u00c1 propos"},"content":{"rendered":"\t\t<div data-elementor-type=\"wp-page\" data-elementor-id=\"134\" class=\"elementor elementor-134\" data-elementor-settings=\"[]\">\n\t\t\t\t\t\t\t<div class=\"elementor-section-wrap\">\n\t\t\t\t\t\t\t<section class=\"elementor-section elementor-top-section elementor-element elementor-element-5af0f138 elementor-section-height-full elementor-section-boxed elementor-section-height-default elementor-section-items-middle\" data-id=\"5af0f138\" data-element_type=\"section\" data-settings=\"{&quot;background_background&quot;:&quot;classic&quot;}\">\n\t\t\t\t\t\t<div class=\"elementor-container elementor-column-gap-default\">\n\t\t\t\t\t<div class=\"elementor-column elementor-col-100 elementor-top-column elementor-element elementor-element-2aa62645\" data-id=\"2aa62645\" data-element_type=\"column\">\n\t\t\t<div class=\"elementor-widget-wrap elementor-element-populated\">\n\t\t\t\t\t\t\t\t<div class=\"elementor-element elementor-element-23ea604 elementor-invisible elementor-widget elementor-widget-heading\" data-id=\"23ea604\" data-element_type=\"widget\" data-settings=\"{&quot;_animation&quot;:&quot;slideInUp&quot;}\" data-widget_type=\"heading.default\">\n\t\t\t\t<div class=\"elementor-widget-container\">\n\t\t\t<h2 class=\"elementor-heading-title elementor-size-large\">\u00e0 propos<\/h2>\t\t<\/div>\n\t\t\t\t<\/div>\n\t\t\t\t<div class=\"elementor-element elementor-element-174ca54 elementor-widget elementor-widget-heading\" data-id=\"174ca54\" data-element_type=\"widget\" data-widget_type=\"heading.default\">\n\t\t\t\t<div class=\"elementor-widget-container\">\n\t\t\t<h5 class=\"elementor-heading-title elementor-size-default\">( de moi... ) <\/h5>\t\t<\/div>\n\t\t\t\t<\/div>\n\t\t\t\t\t<\/div>\n\t\t<\/div>\n\t\t\t\t\t\t\t<\/div>\n\t\t<\/section>\n\t\t\t\t<section class=\"elementor-section elementor-top-section elementor-element elementor-element-c7dda8f elementor-section-boxed elementor-section-height-default elementor-section-height-default\" data-id=\"c7dda8f\" data-element_type=\"section\" data-settings=\"{&quot;background_background&quot;:&quot;classic&quot;}\">\n\t\t\t\t\t\t<div class=\"elementor-container elementor-column-gap-default\">\n\t\t\t\t\t<div class=\"elementor-column elementor-col-50 elementor-top-column elementor-element elementor-element-a8cd817\" data-id=\"a8cd817\" data-element_type=\"column\">\n\t\t\t<div class=\"elementor-widget-wrap elementor-element-populated\">\n\t\t\t\t\t\t\t\t<div class=\"elementor-element elementor-element-6dc70f8 elementor-widget-divider--view-line elementor-widget elementor-widget-divider\" data-id=\"6dc70f8\" data-element_type=\"widget\" data-widget_type=\"divider.default\">\n\t\t\t\t<div class=\"elementor-widget-container\">\n\t\t\t\t\t<div class=\"elementor-divider\">\n\t\t\t<span class=\"elementor-divider-separator\">\n\t\t\t\t\t\t<\/span>\n\t\t<\/div>\n\t\t\t\t<\/div>\n\t\t\t\t<\/div>\n\t\t\t\t<div class=\"elementor-element elementor-element-8f84149 elementor-invisible elementor-widget elementor-widget-text-editor\" data-id=\"8f84149\" data-element_type=\"widget\" data-settings=\"{&quot;_animation&quot;:&quot;fadeIn&quot;}\" data-widget_type=\"text-editor.default\">\n\t\t\t\t<div class=\"elementor-widget-container\">\n\t\t\t\t\t<div class=\"elementor-text-editor elementor-clearfix\"><div><p class=\"Corps\"><span class=\"Aucun\"><b><span lang=\"IT\">Se d<\/span><\/b><\/span><span class=\"Aucun\"><b><span lang=\"FR\">\u00e9crire<\/span><span lang=\"DE\">\u00a0<\/span><\/b><\/span><span class=\"Aucun\"><b><span lang=\"ZH-TW\">? <\/span><\/b><\/span><span class=\"Aucun\"><b><span lang=\"FR\">Quelque chose qui peut para\u00eetre si simple, mais \u00eatre si difficile \u00e0 la fois. Je vais tenter malgr\u00e9 tout de relever ce d\u00e9fi afin que vous puissiez comprendre qui je suis. <\/span><\/b><\/span><\/p><\/div><\/div>\n\t\t\t\t<\/div>\n\t\t\t\t<\/div>\n\t\t\t\t<div class=\"elementor-element elementor-element-00f5510 elementor-invisible elementor-widget elementor-widget-text-editor\" data-id=\"00f5510\" data-element_type=\"widget\" data-settings=\"{&quot;_animation&quot;:&quot;fadeIn&quot;}\" data-widget_type=\"text-editor.default\">\n\t\t\t\t<div class=\"elementor-widget-container\">\n\t\t\t\t\t<div class=\"elementor-text-editor elementor-clearfix\"><div><p class=\"Corps\"><span class=\"Aucun\"><span lang=\"DE\">\u00a0 D<\/span><\/span><span class=\"Aucun\"><span dir=\"RTL\" lang=\"AR-SA\">\u2019<\/span><\/span><span class=\"Aucun\"><span lang=\"FR\">un naturel <b>dynamique <\/b>et <b>cr\u00e9atif<\/b>, mon cerveau ne s<\/span><\/span><span class=\"Aucun\"><span dir=\"RTL\" lang=\"AR-SA\">\u2019<\/span><span lang=\"DE\">arr\u00ea<\/span><\/span><span class=\"Aucun\"><span lang=\"FR\">te pas une minute. On m<\/span><\/span><span class=\"Aucun\"><span dir=\"RTL\" lang=\"AR-SA\">\u2019<\/span><\/span><span class=\"Aucun\"><span lang=\"FR\">a souvent qualifi\u00e9 <\/span><span lang=\"DE\">de \u00ab\u00a0<\/span><\/span><b><span class=\"Aucun\"><span lang=\"FR\">cam\u00e9<\/span><span lang=\"DE\">l<\/span><\/span><span class=\"Aucun\"><span lang=\"FR\">\u00e9<\/span><span lang=\"DE\">on<\/span><\/span><\/b><span class=\"Aucun\"><span lang=\"IT\">\u00a0\u00bb <\/span><\/span><span class=\"Aucun\"><span lang=\"FR\">par ma <b>polyvalence<\/b> et mon <b>adaptabilit\u00e9<\/b> \u00e0 toutes les situations. Des situations nombreuses, vari\u00e9es, simples comme difficiles<\/span><\/span><span class=\"Aucun\">:<\/span> <span class=\"Aucun\"><span lang=\"FR\">c\u2019est cet ensemble qui a construit chaque parcelle de ce chemin vers le monde professionnel.<\/span><\/span><\/p><div><p class=\"Corps\"><span class=\"Aucun\"><span lang=\"FR\">\u00a0 \u00c0 travers mes stages en <b>communication digitale<\/b>, d\u00e8s la premi\u00e8re, \u00e0 la <b>gestion \u00e9v\u00e8nementielle<\/b> et <b>l\u2019animation<\/b> en derni\u00e8re ann\u00e9e, j\u2019ai trouv\u00e9 mon \u00e9quilibre. <\/span><\/span><span class=\"Aucun\"><span lang=\"DE\">J<\/span><\/span><span class=\"Aucun\"><span dir=\"RTL\" lang=\"AR-SA\">\u2019<\/span><\/span><span class=\"Aucun\"><span lang=\"IT\">ai r<\/span><\/span><span class=\"Aucun\"><span lang=\"FR\">\u00e9ussi <\/span><\/span><span class=\"Aucun\"><span lang=\"DE\">\u00e0 faire de <\/span><\/span><span lang=\"FR\">mon anxi\u00e9<\/span><span lang=\"DE\">t<\/span><span lang=\"FR\">\u00e9 <\/span><span lang=\"DE\">face \u00e0 <\/span><span lang=\"FR\">certaines situations, une v\u00e9ritable force qui me permet, aujourd<\/span><span dir=\"RTL\" lang=\"AR-SA\">\u2019<\/span><span lang=\"FR\">hui, d<\/span><span dir=\"RTL\" lang=\"AR-SA\">\u2019<\/span><span lang=\"FR\">avancer toujours plus loin. <\/span><\/p><\/div><p class=\"Corps\"><span class=\"Aucun\"><span lang=\"FR\">\u00a0<\/span><\/span><span lang=\"FR\">\u00a0<\/span><span class=\"Aucun\"><span lang=\"FR\">Le monde <strong>culturel<\/strong> et <strong>artistique<\/strong> a bien \u00e9videmment contribu\u00e9 \u00e0 ce tremplin.\u00a0<\/span><\/span><\/p><\/div><div><p class=\"Corps\">\u00a0 J\u2019aborde ma carri\u00e8re dans l\u2019optique de stimuler la <strong>cr\u00e9ativit\u00e9<\/strong> de tous, de permettre \u00e0 diff\u00e9rents publics de s\u2019\u00e9panouir dans la pratique d\u2019une<strong> passion<\/strong>, d\u2019une activit\u00e9, d\u2019apprendre et de <strong>r\u00eaver<\/strong> toujours plus.<\/p><\/div><\/div>\n\t\t\t\t<\/div>\n\t\t\t\t<\/div>\n\t\t\t\t\t<\/div>\n\t\t<\/div>\n\t\t\t\t<div class=\"elementor-column elementor-col-50 elementor-top-column elementor-element elementor-element-f4c8c55\" data-id=\"f4c8c55\" data-element_type=\"column\">\n\t\t\t<div class=\"elementor-widget-wrap elementor-element-populated\">\n\t\t\t\t\t\t\t\t<div class=\"elementor-element elementor-element-9917913 elementor-widget-divider--view-line elementor-widget elementor-widget-divider\" data-id=\"9917913\" data-element_type=\"widget\" data-widget_type=\"divider.default\">\n\t\t\t\t<div class=\"elementor-widget-container\">\n\t\t\t\t\t<div class=\"elementor-divider\">\n\t\t\t<span class=\"elementor-divider-separator\">\n\t\t\t\t\t\t<\/span>\n\t\t<\/div>\n\t\t\t\t<\/div>\n\t\t\t\t<\/div>\n\t\t\t\t<div class=\"elementor-element elementor-element-04768ac elementor-widget__width-initial elementor-invisible elementor-widget elementor-widget-image\" data-id=\"04768ac\" data-element_type=\"widget\" data-settings=\"{&quot;_animation&quot;:&quot;fadeInRight&quot;}\" data-widget_type=\"image.default\">\n\t\t\t\t<div class=\"elementor-widget-container\">\n\t\t\t\t\t<div class=\"elementor-image\">\n\t\t\t\t\t\t\t\t\t\t<img width=\"640\" height=\"800\" src=\"https:\/\/laurinelcht-portfolio.be\/wp-content\/uploads\/2021\/06\/0F53C9AB-C7A1-426F-BF8D-4CCD24AD97B6-819x1024.jpeg\" class=\"attachment-large size-large\" alt=\"\" loading=\"lazy\" srcset=\"https:\/\/laurinelcht-portfolio.be\/wp-content\/uploads\/2021\/06\/0F53C9AB-C7A1-426F-BF8D-4CCD24AD97B6-819x1024.jpeg 819w, https:\/\/laurinelcht-portfolio.be\/wp-content\/uploads\/2021\/06\/0F53C9AB-C7A1-426F-BF8D-4CCD24AD97B6-240x300.jpeg 240w, https:\/\/laurinelcht-portfolio.be\/wp-content\/uploads\/2021\/06\/0F53C9AB-C7A1-426F-BF8D-4CCD24AD97B6-768x960.jpeg 768w, https:\/\/laurinelcht-portfolio.be\/wp-content\/uploads\/2021\/06\/0F53C9AB-C7A1-426F-BF8D-4CCD24AD97B6.jpeg 1080w\" sizes=\"(max-width: 640px) 100vw, 640px\" \/>\t\t\t\t\t\t\t\t\t\t\t<\/div>\n\t\t\t\t<\/div>\n\t\t\t\t<\/div>\n\t\t\t\t\t<\/div>\n\t\t<\/div>\n\t\t\t\t\t\t\t<\/div>\n\t\t<\/section>\n\t\t\t\t<section class=\"elementor-section elementor-top-section elementor-element elementor-element-6bad4c42 elementor-section-content-middle elementor-section-boxed elementor-section-height-default elementor-section-height-default\" data-id=\"6bad4c42\" data-element_type=\"section\" data-settings=\"{&quot;background_background&quot;:&quot;classic&quot;}\">\n\t\t\t\t\t\t<div class=\"elementor-container elementor-column-gap-no\">\n\t\t\t\t\t<div class=\"elementor-column elementor-col-100 elementor-top-column elementor-element elementor-element-11d77471\" data-id=\"11d77471\" data-element_type=\"column\">\n\t\t\t<div class=\"elementor-widget-wrap elementor-element-populated\">\n\t\t\t\t\t\t\t\t<div class=\"elementor-element elementor-element-4649e74d elementor-invisible elementor-widget elementor-widget-heading\" data-id=\"4649e74d\" data-element_type=\"widget\" data-settings=\"{&quot;_animation&quot;:&quot;fadeIn&quot;}\" data-widget_type=\"heading.default\">\n\t\t\t\t<div class=\"elementor-widget-container\">\n\t\t\t<h4 class=\"elementor-heading-title elementor-size-default\">\" FACE CAM \"<\/h4>\t\t<\/div>\n\t\t\t\t<\/div>\n\t\t\t\t<div class=\"elementor-element elementor-element-7f46606c elementor-invisible elementor-widget elementor-widget-text-editor\" data-id=\"7f46606c\" data-element_type=\"widget\" data-settings=\"{&quot;_animation&quot;:&quot;fadeInLeft&quot;}\" data-widget_type=\"text-editor.default\">\n\t\t\t\t<div class=\"elementor-widget-container\">\n\t\t\t\t\t<div class=\"elementor-text-editor elementor-clearfix\"><p>En vid\u00e9o c&rsquo;est encore mieux !\u00a0<\/p><\/div>\n\t\t\t\t<\/div>\n\t\t\t\t<\/div>\n\t\t\t\t<div class=\"elementor-element elementor-element-36ec1dc3 elementor-aspect-ratio-11 elementor-invisible elementor-widget elementor-widget-video\" data-id=\"36ec1dc3\" data-element_type=\"widget\" data-settings=\"{&quot;youtube_url&quot;:&quot;https:\\\/\\\/youtu.be\\\/rQI5C_YqyoQ&quot;,&quot;aspect_ratio&quot;:&quot;11&quot;,&quot;_animation&quot;:&quot;fadeInDown&quot;,&quot;video_type&quot;:&quot;youtube&quot;}\" data-widget_type=\"video.default\">\n\t\t\t\t<div class=\"elementor-widget-container\">\n\t\t\t\t\t<div class=\"elementor-wrapper elementor-fit-aspect-ratio elementor-open-inline\">\n\t\t\t<div class=\"elementor-video\"><\/div>\t\t<\/div>\n\t\t\t\t<\/div>\n\t\t\t\t<\/div>\n\t\t\t\t\t<\/div>\n\t\t<\/div>\n\t\t\t\t\t\t\t<\/div>\n\t\t<\/section>\n\t\t\t\t<section class=\"elementor-section elementor-top-section elementor-element elementor-element-7f71e8ce elementor-section-content-middle elementor-section-boxed elementor-section-height-default elementor-section-height-default\" data-id=\"7f71e8ce\" data-element_type=\"section\" data-settings=\"{&quot;background_background&quot;:&quot;classic&quot;}\">\n\t\t\t\t\t\t<div class=\"elementor-container elementor-column-gap-no\">\n\t\t\t\t\t<div class=\"elementor-column elementor-col-33 elementor-top-column elementor-element elementor-element-5ab215f\" data-id=\"5ab215f\" data-element_type=\"column\">\n\t\t\t<div class=\"elementor-widget-wrap elementor-element-populated\">\n\t\t\t\t\t\t\t\t<div class=\"elementor-element elementor-element-4c544a73 elementor-widget elementor-widget-counter\" data-id=\"4c544a73\" data-element_type=\"widget\" data-widget_type=\"counter.default\">\n\t\t\t\t<div class=\"elementor-widget-container\">\n\t\t\t\t\t<div class=\"elementor-counter\">\n\t\t\t<div class=\"elementor-counter-number-wrapper\">\n\t\t\t\t<span class=\"elementor-counter-number-prefix\"><\/span>\n\t\t\t\t<span class=\"elementor-counter-number\" data-duration=\"2000\" data-to-value=\"80\" data-from-value=\"1\" data-delimiter=\",\">1<\/span>\n\t\t\t\t<span class=\"elementor-counter-number-suffix\">%<\/span>\n\t\t\t<\/div>\n\t\t\t\t\t\t\t<div class=\"elementor-counter-title\">Gestion de projets<\/div>\n\t\t\t\t\t<\/div>\n\t\t\t\t<\/div>\n\t\t\t\t<\/div>\n\t\t\t\t\t<\/div>\n\t\t<\/div>\n\t\t\t\t<div class=\"elementor-column elementor-col-33 elementor-top-column elementor-element elementor-element-327b72c\" data-id=\"327b72c\" data-element_type=\"column\">\n\t\t\t<div class=\"elementor-widget-wrap elementor-element-populated\">\n\t\t\t\t\t\t\t\t<div class=\"elementor-element elementor-element-4b26be39 elementor-widget elementor-widget-counter\" data-id=\"4b26be39\" data-element_type=\"widget\" data-widget_type=\"counter.default\">\n\t\t\t\t<div class=\"elementor-widget-container\">\n\t\t\t\t\t<div class=\"elementor-counter\">\n\t\t\t<div class=\"elementor-counter-number-wrapper\">\n\t\t\t\t<span class=\"elementor-counter-number-prefix\"><\/span>\n\t\t\t\t<span class=\"elementor-counter-number\" data-duration=\"2000\" data-to-value=\"70\" data-from-value=\"1\" data-delimiter=\",\">1<\/span>\n\t\t\t\t<span class=\"elementor-counter-number-suffix\">%<\/span>\n\t\t\t<\/div>\n\t\t\t\t\t\t\t<div class=\"elementor-counter-title\">animation <\/div>\n\t\t\t\t\t<\/div>\n\t\t\t\t<\/div>\n\t\t\t\t<\/div>\n\t\t\t\t\t<\/div>\n\t\t<\/div>\n\t\t\t\t<div class=\"elementor-column elementor-col-33 elementor-top-column elementor-element elementor-element-236c28d7\" data-id=\"236c28d7\" data-element_type=\"column\">\n\t\t\t<div class=\"elementor-widget-wrap elementor-element-populated\">\n\t\t\t\t\t\t\t\t<div class=\"elementor-element elementor-element-2744b486 elementor-widget elementor-widget-counter\" data-id=\"2744b486\" data-element_type=\"widget\" data-widget_type=\"counter.default\">\n\t\t\t\t<div class=\"elementor-widget-container\">\n\t\t\t\t\t<div class=\"elementor-counter\">\n\t\t\t<div class=\"elementor-counter-number-wrapper\">\n\t\t\t\t<span class=\"elementor-counter-number-prefix\"><\/span>\n\t\t\t\t<span class=\"elementor-counter-number\" data-duration=\"2000\" data-to-value=\"65\" data-from-value=\"1\" data-delimiter=\",\">1<\/span>\n\t\t\t\t<span class=\"elementor-counter-number-suffix\">%<\/span>\n\t\t\t<\/div>\n\t\t\t\t\t\t\t<div class=\"elementor-counter-title\">R\u00e9seaux sociaux<\/div>\n\t\t\t\t\t<\/div>\n\t\t\t\t<\/div>\n\t\t\t\t<\/div>\n\t\t\t\t\t<\/div>\n\t\t<\/div>\n\t\t\t\t\t\t\t<\/div>\n\t\t<\/section>\n\t\t\t\t<section class=\"elementor-section elementor-top-section elementor-element elementor-element-40d03071 elementor-section-boxed elementor-section-height-default elementor-section-height-default\" data-id=\"40d03071\" data-element_type=\"section\" data-settings=\"{&quot;background_background&quot;:&quot;classic&quot;}\">\n\t\t\t\t\t\t<div class=\"elementor-container elementor-column-gap-default\">\n\t\t\t\t\t<div class=\"elementor-column elementor-col-100 elementor-top-column elementor-element elementor-element-35ece61e\" data-id=\"35ece61e\" data-element_type=\"column\">\n\t\t\t<div class=\"elementor-widget-wrap elementor-element-populated\">\n\t\t\t\t\t\t\t\t<div class=\"elementor-element elementor-element-3239eba2 elementor-widget elementor-widget-heading\" data-id=\"3239eba2\" data-element_type=\"widget\" data-widget_type=\"heading.default\">\n\t\t\t\t<div class=\"elementor-widget-container\">\n\t\t\t<h2 class=\"elementor-heading-title elementor-size-large\">3 mots pour me d\u00e9crire ? <\/h2>\t\t<\/div>\n\t\t\t\t<\/div>\n\t\t\t\t<section class=\"elementor-section elementor-inner-section elementor-element elementor-element-20918ae9 elementor-section-height-min-height elementor-section-content-bottom elementor-section-boxed elementor-section-height-default elementor-invisible\" data-id=\"20918ae9\" data-element_type=\"section\" data-settings=\"{&quot;animation&quot;:&quot;fadeIn&quot;}\">\n\t\t\t\t\t\t<div class=\"elementor-container elementor-column-gap-wider\">\n\t\t\t\t\t<div class=\"elementor-column elementor-col-33 elementor-inner-column elementor-element elementor-element-700e5270\" data-id=\"700e5270\" data-element_type=\"column\" data-settings=\"{&quot;background_background&quot;:&quot;classic&quot;}\">\n\t\t\t<div class=\"elementor-widget-wrap elementor-element-populated\">\n\t\t\t\t\t\t\t\t<div class=\"elementor-element elementor-element-3786f06 elementor-invisible elementor-widget elementor-widget-heading\" data-id=\"3786f06\" data-element_type=\"widget\" data-settings=\"{&quot;_animation&quot;:&quot;fadeIn&quot;}\" data-widget_type=\"heading.default\">\n\t\t\t\t<div class=\"elementor-widget-container\">\n\t\t\t<h3 class=\"elementor-heading-title elementor-size-large\">Polyvalence<\/h3>\t\t<\/div>\n\t\t\t\t<\/div>\n\t\t\t\t\t<\/div>\n\t\t<\/div>\n\t\t\t\t<div class=\"elementor-column elementor-col-33 elementor-inner-column elementor-element elementor-element-3cb862bb\" data-id=\"3cb862bb\" data-element_type=\"column\" data-settings=\"{&quot;background_background&quot;:&quot;classic&quot;}\">\n\t\t\t<div class=\"elementor-widget-wrap elementor-element-populated\">\n\t\t\t\t\t\t\t\t<div class=\"elementor-element elementor-element-59f55336 elementor-widget elementor-widget-heading\" data-id=\"59f55336\" data-element_type=\"widget\" data-widget_type=\"heading.default\">\n\t\t\t\t<div class=\"elementor-widget-container\">\n\t\t\t<h3 class=\"elementor-heading-title elementor-size-large\">Cr\u00e9ativit\u00e9<\/h3>\t\t<\/div>\n\t\t\t\t<\/div>\n\t\t\t\t\t<\/div>\n\t\t<\/div>\n\t\t\t\t<div class=\"elementor-column elementor-col-33 elementor-inner-column elementor-element elementor-element-69db2387\" data-id=\"69db2387\" data-element_type=\"column\" data-settings=\"{&quot;background_background&quot;:&quot;classic&quot;}\">\n\t\t\t<div class=\"elementor-widget-wrap elementor-element-populated\">\n\t\t\t\t\t\t\t\t<div class=\"elementor-element elementor-element-3bbfabf0 elementor-widget elementor-widget-heading\" data-id=\"3bbfabf0\" data-element_type=\"widget\" data-widget_type=\"heading.default\">\n\t\t\t\t<div class=\"elementor-widget-container\">\n\t\t\t<h3 class=\"elementor-heading-title elementor-size-large\">Enthousiasme<\/h3>\t\t<\/div>\n\t\t\t\t<\/div>\n\t\t\t\t\t<\/div>\n\t\t<\/div>\n\t\t\t\t\t\t\t<\/div>\n\t\t<\/section>\n\t\t\t\t\t<\/div>\n\t\t<\/div>\n\t\t\t\t\t\t\t<\/div>\n\t\t<\/section>\n\t\t\t\t<section class=\"elementor-section elementor-top-section elementor-element elementor-element-85cec60 elementor-section-boxed elementor-section-height-default elementor-section-height-default\" data-id=\"85cec60\" data-element_type=\"section\" data-settings=\"{&quot;background_background&quot;:&quot;classic&quot;}\">\n\t\t\t\t\t\t<div class=\"elementor-container elementor-column-gap-default\">\n\t\t\t\t\t<div class=\"elementor-column elementor-col-100 elementor-top-column elementor-element elementor-element-d4fc66f\" data-id=\"d4fc66f\" data-element_type=\"column\" data-settings=\"{&quot;background_background&quot;:&quot;classic&quot;}\">\n\t\t\t<div class=\"elementor-widget-wrap elementor-element-populated\">\n\t\t\t\t\t\t\t\t<div class=\"elementor-element elementor-element-484c624 elementor-widget elementor-widget-text-editor\" data-id=\"484c624\" data-element_type=\"widget\" data-widget_type=\"text-editor.default\">\n\t\t\t\t<div class=\"elementor-widget-container\">\n\t\t\t\t\t<div class=\"elementor-text-editor elementor-clearfix\"><p>Afin de conna\u00eetre le reste de mes comp\u00e9tences mais aussi ma formation professionnelle et mes exp\u00e9riences, voici mon curriculum vitae!\u00a0<\/p><\/div>\n\t\t\t\t<\/div>\n\t\t\t\t<\/div>\n\t\t\t\t<div class=\"elementor-element elementor-element-bc4fc54 elementor-view-default elementor-invisible elementor-widget elementor-widget-icon\" data-id=\"bc4fc54\" data-element_type=\"widget\" data-settings=\"{&quot;_animation&quot;:&quot;fadeIn&quot;}\" data-widget_type=\"icon.default\">\n\t\t\t\t<div class=\"elementor-widget-container\">\n\t\t\t\t\t<div class=\"elementor-icon-wrapper\">\n\t\t\t<div class=\"elementor-icon\">\n\t\t\t<i aria-hidden=\"true\" class=\"far fa-arrow-alt-circle-down\"><\/i>\t\t\t<\/div>\n\t\t<\/div>\n\t\t\t\t<\/div>\n\t\t\t\t<\/div>\n\t\t\t\t<div class=\"elementor-element elementor-element-d928ba9 elementor-align-center elementor-invisible elementor-widget elementor-widget-button\" data-id=\"d928ba9\" data-element_type=\"widget\" data-settings=\"{&quot;_animation&quot;:&quot;fadeInLeft&quot;}\" data-widget_type=\"button.default\">\n\t\t\t\t<div class=\"elementor-widget-container\">\n\t\t\t\t\t<div class=\"elementor-button-wrapper\">\n\t\t\t<a href=\"http:\/\/laurinelcht-portfolio.be\/?page_id=261\" class=\"elementor-button-link elementor-button elementor-size-lg\" role=\"button\">\n\t\t\t\t\t\t<span class=\"elementor-button-content-wrapper\">\n\t\t\t\t\t\t<span class=\"elementor-button-text\">Mon CV<\/span>\n\t\t<\/span>\n\t\t\t\t\t<\/a>\n\t\t<\/div>\n\t\t\t\t<\/div>\n\t\t\t\t<\/div>\n\t\t\t\t\t<\/div>\n\t\t<\/div>\n\t\t\t\t\t\t\t<\/div>\n\t\t<\/section>\n\t\t\t\t\t\t<\/div>\n\t\t\t\t\t<\/div>\n\t\t","protected":false},"excerpt":{"rendered":"<p>\u00e0 propos ( de moi&#8230; ) Se d\u00e9crire\u00a0? Quelque chose qui peut para\u00eetre si simple, [&hellip;]<\/p>\n","protected":false},"author":1,"featured_media":0,"parent":0,"menu_order":0,"comment_status":"closed","ping_status":"closed","template":"elementor_header_footer","meta":[],"_links":{"self":[{"href":"https:\/\/laurinelcht-portfolio.be\/index.php?rest_route=\/wp\/v2\/pages\/134"}],"collection":[{"href":"https:\/\/laurinelcht-portfolio.be\/index.php?rest_route=\/wp\/v2\/pages"}],"about":[{"href":"https:\/\/laurinelcht-portfolio.be\/index.php?rest_route=\/wp\/v2\/types\/page"}],"author":[{"embeddable":true,"href":"https:\/\/laurinelcht-portfolio.be\/index.php?rest_route=\/wp\/v2\/users\/1"}],"replies":[{"embeddable":true,"href":"https:\/\/laurinelcht-portfolio.be\/index.php?rest_route=%2Fwp%2Fv2%2Fcomments&post=134"}],"version-history":[{"count":73,"href":"https:\/\/laurinelcht-portfolio.be\/index.php?rest_route=\/wp\/v2\/pages\/134\/revisions"}],"predecessor-version":[{"id":456,"href":"https:\/\/laurinelcht-portfolio.be\/index.php?rest_route=\/wp\/v2\/pages\/134\/revisions\/456"}],"wp:attachment":[{"href":"https:\/\/laurinelcht-portfolio.be\/index.php?rest_route=%2Fwp%2Fv2%2Fmedia&parent=134"}],"curies":[{"name":"wp","href":"https:\/\/api.w.org\/{rel}","templated":true}]}}